{"id":608,"date":"2023-06-14T12:02:06","date_gmt":"2023-06-14T10:02:06","guid":{"rendered":"http:\/\/samariter-schwarzenburg.ch\/word\/?page_id=608"},"modified":"2023-06-14T12:02:06","modified_gmt":"2023-06-14T10:02:06","slug":"sanitaetsdienst-anfrage","status":"publish","type":"page","link":"https:\/\/samariter-schwarzenburg.ch\/word\/?page_id=608","title":{"rendered":"Sanit\u00e4tsdienst Anfrage"},"content":{"rendered":"\n<p>F\u00fcr Anfragen bez\u00fcglich eines Sanit\u00e4tsdienstes bitten wir Sie, das untenstehende Formular zu verwenden.<\/p>\n\n\n\n<div style=\"height:35px\" aria-hidden=\"true\" class=\"wp-block-spacer\"><\/div>\n\n\n\n<h2 class=\"wp-block-heading\">Formular Sanit\u00e4sdienst Anfrage:<\/h2>\n\n\n<div class=\"wpforms-container wpforms-container-full wpforms-block wpforms-block-71f1fe22-d08f-4557-9450-691941ddb8cd wpforms-render-modern\" id=\"wpforms-178\"><form id=\"wpforms-form-178\" class=\"wpforms-validate wpforms-form wpforms-ajax-form\" data-formid=\"178\" method=\"post\" enctype=\"multipart\/form-data\" action=\"\/word\/index.php?rest_route=%2Fwp%2Fv2%2Fpages%2F608\" data-token=\"617505aeb98c025605114905f1fb11f0\" data-token-time=\"1777205018\"><noscript class=\"wpforms-error-noscript\">Bitte aktiviere JavaScript in deinem Browser, um dieses Formular fertigzustellen.<\/noscript><div id=\"wpforms-error-noscript\" style=\"display: none;\">Bitte aktiviere JavaScript in deinem Browser, um dieses Formular fertigzustellen.<\/div><div class=\"wpforms-field-container\"><div id=\"wpforms-178-field_1-container\" class=\"wpforms-field wpforms-field-text\" data-field-id=\"1\"><label class=\"wpforms-field-label\" for=\"wpforms-178-field_1\">Veranstalter <span class=\"wpforms-required-label\" aria-hidden=\"true\">*<\/span><\/label><input type=\"text\" id=\"wpforms-178-field_1\" class=\"wpforms-field-medium wpforms-field-required\" name=\"wpforms[fields][1]\" aria-errormessage=\"wpforms-178-field_1-error\" required><\/div><div id=\"wpforms-178-field_2-container\" class=\"wpforms-field wpforms-field-text\" data-field-id=\"2\"><label class=\"wpforms-field-label\" for=\"wpforms-178-field_2\">Art der Veranstaltung <span class=\"wpforms-required-label\" aria-hidden=\"true\">*<\/span><\/label><input type=\"text\" id=\"wpforms-178-field_2\" class=\"wpforms-field-medium wpforms-field-required\" name=\"wpforms[fields][2]\" aria-errormessage=\"wpforms-178-field_2-error\" required><\/div><div id=\"wpforms-178-field_3-container\" class=\"wpforms-field wpforms-field-text\" data-field-id=\"3\"><label class=\"wpforms-field-label\" for=\"wpforms-178-field_3\">Ort der Veranstaltung <span class=\"wpforms-required-label\" aria-hidden=\"true\">*<\/span><\/label><input type=\"text\" id=\"wpforms-178-field_3\" class=\"wpforms-field-medium wpforms-field-required\" name=\"wpforms[fields][3]\" aria-errormessage=\"wpforms-178-field_3-error\" required><\/div><div id=\"wpforms-178-field_4-container\" class=\"wpforms-field wpforms-field-text\" data-field-id=\"4\"><label class=\"wpforms-field-label\" for=\"wpforms-178-field_4\">Datum &amp; Zeit <span class=\"wpforms-required-label\" aria-hidden=\"true\">*<\/span><\/label><input type=\"text\" id=\"wpforms-178-field_4\" class=\"wpforms-field-medium wpforms-field-required\" name=\"wpforms[fields][4]\" aria-errormessage=\"wpforms-178-field_4-error\" aria-describedby=\"wpforms-178-field_4-description\" required><div id=\"wpforms-178-field_4-description\" class=\"wpforms-field-description\">Bitte geben Sie hier das Datum und die Zeit ein. (Bsp. 12.03.2023 &#8211; 08:00 bis 17:00)<\/div><\/div><div id=\"wpforms-178-field_5-container\" class=\"wpforms-field wpforms-field-text\" data-field-id=\"5\"><label class=\"wpforms-field-label\" for=\"wpforms-178-field_5\">Datum &amp; Zeit &#8211; Weitere Tage<\/label><input type=\"text\" id=\"wpforms-178-field_5\" class=\"wpforms-field-medium\" name=\"wpforms[fields][5]\" aria-errormessage=\"wpforms-178-field_5-error\" ><\/div><div id=\"wpforms-178-field_6-container\" class=\"wpforms-field wpforms-field-text\" data-field-id=\"6\"><label class=\"wpforms-field-label\" for=\"wpforms-178-field_6\">Name Kontaktperson <span class=\"wpforms-required-label\" aria-hidden=\"true\">*<\/span><\/label><input type=\"text\" id=\"wpforms-178-field_6\" class=\"wpforms-field-medium wpforms-field-required\" name=\"wpforms[fields][6]\" aria-errormessage=\"wpforms-178-field_6-error\" required><\/div><div id=\"wpforms-178-field_7-container\" class=\"wpforms-field wpforms-field-text\" data-field-id=\"7\"><label class=\"wpforms-field-label\" for=\"wpforms-178-field_7\">Telefonnummer <span class=\"wpforms-required-label\" aria-hidden=\"true\">*<\/span><\/label><input type=\"text\" id=\"wpforms-178-field_7\" class=\"wpforms-field-medium wpforms-field-required\" name=\"wpforms[fields][7]\" aria-errormessage=\"wpforms-178-field_7-error\" required><\/div><div id=\"wpforms-178-field_9-container\" class=\"wpforms-field wpforms-field-email\" data-field-id=\"9\"><label class=\"wpforms-field-label\" for=\"wpforms-178-field_9\">E-Mail <span class=\"wpforms-required-label\" aria-hidden=\"true\">*<\/span><\/label><input type=\"email\" id=\"wpforms-178-field_9\" class=\"wpforms-field-medium wpforms-field-required\" name=\"wpforms[fields][9]\" spellcheck=\"false\" aria-errormessage=\"wpforms-178-field_9-error\" required><\/div><div id=\"wpforms-178-field_10-container\" class=\"wpforms-field wpforms-field-textarea\" data-field-id=\"10\"><label class=\"wpforms-field-label\" for=\"wpforms-178-field_10\">Adresse der Kontaktperson <span class=\"wpforms-required-label\" aria-hidden=\"true\">*<\/span><\/label><textarea id=\"wpforms-178-field_10\" class=\"wpforms-field-medium wpforms-field-required\" name=\"wpforms[fields][10]\" aria-errormessage=\"wpforms-178-field_10-error\" required><\/textarea><\/div><div id=\"wpforms-178-field_11-container\" class=\"wpforms-field wpforms-field-textarea\" data-field-id=\"11\"><label class=\"wpforms-field-label\" for=\"wpforms-178-field_11\">Rechnungsadresse<\/label><textarea id=\"wpforms-178-field_11\" class=\"wpforms-field-medium\" name=\"wpforms[fields][11]\" aria-errormessage=\"wpforms-178-field_11-error\" aria-describedby=\"wpforms-178-field_11-description\" ><\/textarea><div id=\"wpforms-178-field_11-description\" class=\"wpforms-field-description\">Falls abweichend von der Adresse der Kontaktperson<\/div><\/div><div id=\"wpforms-178-field_12-container\" class=\"wpforms-field wpforms-field-textarea\" data-field-id=\"12\"><label class=\"wpforms-field-label\" for=\"wpforms-178-field_12\">Beschreibung der Veranstaltung<\/label><textarea id=\"wpforms-178-field_12\" class=\"wpforms-field-medium\" name=\"wpforms[fields][12]\" aria-errormessage=\"wpforms-178-field_12-error\" ><\/textarea><\/div><div id=\"wpforms-178-field_21-container\" class=\"wpforms-field wpforms-field-text\" data-field-id=\"21\"><label class=\"wpforms-field-label\" for=\"wpforms-178-field_21\">Anzahl aktive Beteiligte<\/label><input type=\"text\" id=\"wpforms-178-field_21\" class=\"wpforms-field-medium\" name=\"wpforms[fields][21]\" aria-errormessage=\"wpforms-178-field_21-error\" ><\/div><div id=\"wpforms-178-field_14-container\" class=\"wpforms-field wpforms-field-checkbox wpforms-list-2-columns\" data-field-id=\"14\"><fieldset><legend class=\"wpforms-field-label\"><\/legend><ul id=\"wpforms-178-field_14\"><li class=\"choice-1 depth-1\"><input type=\"checkbox\" id=\"wpforms-178-field_14_1\" name=\"wpforms[fields][14][]\" value=\"Sind die aktiv Beteiligten k\u00f6rperlich stark gefordert?\" aria-errormessage=\"wpforms-178-field_14_1-error\"  ><label class=\"wpforms-field-label-inline\" for=\"wpforms-178-field_14_1\">Sind die aktiv Beteiligten k\u00f6rperlich stark gefordert?<\/label><\/li><li class=\"choice-2 depth-1\"><input type=\"checkbox\" id=\"wpforms-178-field_14_2\" name=\"wpforms[fields][14][]\" value=\"Sind die aktiv Beteiligten als Amateure t\u00e4tig?\" aria-errormessage=\"wpforms-178-field_14_2-error\"  ><label class=\"wpforms-field-label-inline\" for=\"wpforms-178-field_14_2\">Sind die aktiv Beteiligten als Amateure t\u00e4tig?<\/label><\/li><li class=\"choice-3 depth-1\"><input type=\"checkbox\" id=\"wpforms-178-field_14_3\" name=\"wpforms[fields][14][]\" value=\"Ist der Ausbildungs-\/Trainingsstand eher tief?\" aria-errormessage=\"wpforms-178-field_14_3-error\"  ><label class=\"wpforms-field-label-inline\" for=\"wpforms-178-field_14_3\">Ist der Ausbildungs-\/Trainingsstand eher tief?<\/label><\/li><li class=\"choice-4 depth-1\"><input type=\"checkbox\" id=\"wpforms-178-field_14_4\" name=\"wpforms[fields][14][]\" value=\"Birgt die Bet\u00e4tigung ein spezielles Unfallrisiko?\" aria-errormessage=\"wpforms-178-field_14_4-error\"  ><label class=\"wpforms-field-label-inline\" for=\"wpforms-178-field_14_4\">Birgt die Bet\u00e4tigung ein spezielles Unfallrisiko?<\/label><\/li><li class=\"choice-8 depth-1\"><input type=\"checkbox\" id=\"wpforms-178-field_14_8\" name=\"wpforms[fields][14][]\" value=\"Besteht K\u00f6rperkontakt (Kampfsport\/Mannschaften)?\" aria-errormessage=\"wpforms-178-field_14_8-error\"  ><label class=\"wpforms-field-label-inline\" for=\"wpforms-178-field_14_8\">Besteht K\u00f6rperkontakt (Kampfsport\/Mannschaften)?<\/label><\/li><li class=\"choice-7 depth-1\"><input type=\"checkbox\" id=\"wpforms-178-field_14_7\" name=\"wpforms[fields][14][]\" value=\"Sind Anh\u00e4ufungen m\u00f6glich (z.B. Fahrerfeld)?\" aria-errormessage=\"wpforms-178-field_14_7-error\"  ><label class=\"wpforms-field-label-inline\" for=\"wpforms-178-field_14_7\">Sind Anh\u00e4ufungen m\u00f6glich (z.B. Fahrerfeld)?<\/label><\/li><\/ul><\/fieldset><\/div><div id=\"wpforms-178-field_18-container\" class=\"wpforms-field wpforms-field-text\" data-field-id=\"18\"><label class=\"wpforms-field-label\" for=\"wpforms-178-field_18\">Anzahl erwartete Zuschauer \/ Besucher<\/label><input type=\"text\" id=\"wpforms-178-field_18\" class=\"wpforms-field-medium\" name=\"wpforms[fields][18]\" aria-errormessage=\"wpforms-178-field_18-error\" ><\/div><div id=\"wpforms-178-field_17-container\" class=\"wpforms-field wpforms-field-checkbox\" data-field-id=\"17\"><fieldset><legend class=\"wpforms-field-label\"><\/legend><ul id=\"wpforms-178-field_17\"><li class=\"choice-1 depth-1\"><input type=\"checkbox\" id=\"wpforms-178-field_17_1\" name=\"wpforms[fields][17][]\" value=\"Ist ein grosses Gedr\u00e4nge m\u00f6glich?\" aria-errormessage=\"wpforms-178-field_17_1-error\"  ><label class=\"wpforms-field-label-inline\" for=\"wpforms-178-field_17_1\">Ist ein grosses Gedr\u00e4nge m\u00f6glich?<\/label><\/li><li class=\"choice-2 depth-1\"><input type=\"checkbox\" id=\"wpforms-178-field_17_2\" name=\"wpforms[fields][17][]\" value=\"Ist mit einer speziell gef\u00e4hrdeten Gruppe zu rechnen? (\u00e4ltere Leute, ...)\" aria-errormessage=\"wpforms-178-field_17_2-error\"  ><label class=\"wpforms-field-label-inline\" for=\"wpforms-178-field_17_2\">Ist mit einer speziell gef\u00e4hrdeten Gruppe zu rechnen? (\u00e4ltere Leute, &#8230;)<\/label><\/li><li class=\"choice-3 depth-1\"><input type=\"checkbox\" id=\"wpforms-178-field_17_3\" name=\"wpforms[fields][17][]\" value=\"Sind besondere Emotionen oder Einfluss von Alkohol\/Drogen m\u00f6glich?\" aria-errormessage=\"wpforms-178-field_17_3-error\"  ><label class=\"wpforms-field-label-inline\" for=\"wpforms-178-field_17_3\">Sind besondere Emotionen oder Einfluss von Alkohol\/Drogen m\u00f6glich?<\/label><\/li><li class=\"choice-4 depth-1\"><input type=\"checkbox\" id=\"wpforms-178-field_17_4\" name=\"wpforms[fields][17][]\" value=\"Sind Anh\u00e4ufungen m\u00f6glich?\" aria-errormessage=\"wpforms-178-field_17_4-error\"  ><label class=\"wpforms-field-label-inline\" for=\"wpforms-178-field_17_4\">Sind Anh\u00e4ufungen m\u00f6glich?<\/label><\/li><li class=\"choice-5 depth-1\"><input type=\"checkbox\" id=\"wpforms-178-field_17_5\" name=\"wpforms[fields][17][]\" value=\"Ist die Wettersituation risikosteigernd?\" aria-errormessage=\"wpforms-178-field_17_5-error\"  ><label class=\"wpforms-field-label-inline\" for=\"wpforms-178-field_17_5\">Ist die Wettersituation risikosteigernd?<\/label><\/li><li class=\"choice-7 depth-1\"><input type=\"checkbox\" id=\"wpforms-178-field_17_7\" name=\"wpforms[fields][17][]\" value=\"Ist die Veranstaltung grossr\u00e4umig verteilt?\" aria-errormessage=\"wpforms-178-field_17_7-error\"  ><label class=\"wpforms-field-label-inline\" for=\"wpforms-178-field_17_7\">Ist die Veranstaltung grossr\u00e4umig verteilt?<\/label><\/li><li class=\"choice-6 depth-1\"><input type=\"checkbox\" id=\"wpforms-178-field_17_6\" name=\"wpforms[fields][17][]\" value=\"Ist das Gel\u00e4nde unwegsam, rutschig, glitschig, eisig usw.?\" aria-errormessage=\"wpforms-178-field_17_6-error\"  ><label class=\"wpforms-field-label-inline\" for=\"wpforms-178-field_17_6\">Ist das Gel\u00e4nde unwegsam, rutschig, glitschig, eisig usw.?<\/label><\/li><li class=\"choice-8 depth-1\"><input type=\"checkbox\" id=\"wpforms-178-field_17_8\" name=\"wpforms[fields][17][]\" value=\"Ist die Tageszeit risikosteigernd?\" aria-errormessage=\"wpforms-178-field_17_8-error\"  ><label class=\"wpforms-field-label-inline\" for=\"wpforms-178-field_17_8\">Ist die Tageszeit risikosteigernd?<\/label><\/li><\/ul><\/fieldset><\/div><div id=\"wpforms-178-field_19-container\" class=\"wpforms-field wpforms-field-textarea\" data-field-id=\"19\"><label class=\"wpforms-field-label\" for=\"wpforms-178-field_19\">Beschreibung des Umfeldes<\/label><textarea id=\"wpforms-178-field_19\" class=\"wpforms-field-medium\" name=\"wpforms[fields][19]\" aria-errormessage=\"wpforms-178-field_19-error\" ><\/textarea><\/div><div id=\"wpforms-178-field_20-container\" class=\"wpforms-field wpforms-field-textarea\" data-field-id=\"20\"><label class=\"wpforms-field-label\" for=\"wpforms-178-field_20\">Bemerkungen<\/label><textarea id=\"wpforms-178-field_20\" class=\"wpforms-field-medium\" name=\"wpforms[fields][20]\" aria-errormessage=\"wpforms-178-field_20-error\" ><\/textarea><\/div><\/div><!-- .wpforms-field-container --><div class=\"wpforms-submit-container\" ><input type=\"hidden\" name=\"wpforms[id]\" value=\"178\"><input type=\"hidden\" name=\"page_title\" value=\"\"><input type=\"hidden\" name=\"page_url\" value=\"https:\/\/samariter-schwarzenburg.ch\/word\/index.php?rest_route=\/wp\/v2\/pages\/608\"><input type=\"hidden\" name=\"url_referer\" value=\"\"><button type=\"submit\" name=\"wpforms[submit]\" id=\"wpforms-submit-178\" class=\"wpforms-submit\" data-alt-text=\"Senden\u2026\" data-submit-text=\"Absenden\" aria-live=\"assertive\" value=\"wpforms-submit\">Absenden<\/button><img loading=\"lazy\" decoding=\"async\" src=\"https:\/\/samariter-schwarzenburg.ch\/word\/wp-content\/plugins\/wpforms-lite\/assets\/images\/submit-spin.svg\" class=\"wpforms-submit-spinner\" style=\"display: none;\" width=\"26\" height=\"26\" alt=\"Wird geladen\"><\/div><\/form><\/div>  <!-- .wpforms-container -->","protected":false},"excerpt":{"rendered":"<p>F\u00fcr Anfragen bez\u00fcglich eines Sanit\u00e4tsdienstes bitten wir Sie, das untenstehende Formular zu verwenden. Formular Sanit\u00e4sdienst Anfrage:<\/p>\n","protected":false},"author":1,"featured_media":0,"parent":0,"menu_order":0,"comment_status":"closed","ping_status":"closed","template":"","meta":{"footnotes":""},"class_list":["post-608","page","type-page","status-publish","hentry"],"_links":{"self":[{"href":"https:\/\/samariter-schwarzenburg.ch\/word\/index.php?rest_route=\/wp\/v2\/pages\/608","targetHints":{"allow":["GET"]}}],"collection":[{"href":"https:\/\/samariter-schwarzenburg.ch\/word\/index.php?rest_route=\/wp\/v2\/pages"}],"about":[{"href":"https:\/\/samariter-schwarzenburg.ch\/word\/index.php?rest_route=\/wp\/v2\/types\/page"}],"author":[{"embeddable":true,"href":"https:\/\/samariter-schwarzenburg.ch\/word\/index.php?rest_route=\/wp\/v2\/users\/1"}],"replies":[{"embeddable":true,"href":"https:\/\/samariter-schwarzenburg.ch\/word\/index.php?rest_route=%2Fwp%2Fv2%2Fcomments&post=608"}],"version-history":[{"count":1,"href":"https:\/\/samariter-schwarzenburg.ch\/word\/index.php?rest_route=\/wp\/v2\/pages\/608\/revisions"}],"predecessor-version":[{"id":609,"href":"https:\/\/samariter-schwarzenburg.ch\/word\/index.php?rest_route=\/wp\/v2\/pages\/608\/revisions\/609"}],"wp:attachment":[{"href":"https:\/\/samariter-schwarzenburg.ch\/word\/index.php?rest_route=%2Fwp%2Fv2%2Fmedia&parent=608"}],"curies":[{"name":"wp","href":"https:\/\/api.w.org\/{rel}","templated":true}]}}