{"id":835,"date":"2023-07-03T22:20:52","date_gmt":"2023-07-03T20:20:52","guid":{"rendered":"http:\/\/samariter-schwarzenburg.ch\/word\/?page_id=835"},"modified":"2025-01-10T16:28:11","modified_gmt":"2025-01-10T15:28:11","slug":"blutspenden","status":"publish","type":"page","link":"http:\/\/samariter-schwarzenburg.ch\/word\/?page_id=835","title":{"rendered":"Blutspenden"},"content":{"rendered":"\n<h2 class=\"wp-block-heading has-text-align-center\"><strong>Spende Blut rette Leben<\/strong><\/h2>\n\n\n\n<div style=\"height:35px\" aria-hidden=\"true\" class=\"wp-block-spacer\"><\/div>\n\n\n\n<div class=\"wp-block-columns is-layout-flex wp-container-core-columns-is-layout-9d6595d7 wp-block-columns-is-layout-flex\">\n<div class=\"wp-block-column is-layout-flow wp-block-column-is-layout-flow\">\n<figure class=\"wp-block-image size-large is-resized\"><img loading=\"lazy\" decoding=\"async\" width=\"1024\" height=\"683\" src=\"http:\/\/samariter-schwarzenburg.ch\/word\/wp-content\/uploads\/2023\/07\/IRB_ICHSPENDEBLUT_Blutspenderin2-1024x683.jpg\" alt=\"\" class=\"wp-image-837\" style=\"width:402px;height:268px\" srcset=\"http:\/\/samariter-schwarzenburg.ch\/word\/wp-content\/uploads\/2023\/07\/IRB_ICHSPENDEBLUT_Blutspenderin2-1024x683.jpg 1024w, http:\/\/samariter-schwarzenburg.ch\/word\/wp-content\/uploads\/2023\/07\/IRB_ICHSPENDEBLUT_Blutspenderin2-300x200.jpg 300w, http:\/\/samariter-schwarzenburg.ch\/word\/wp-content\/uploads\/2023\/07\/IRB_ICHSPENDEBLUT_Blutspenderin2-768x512.jpg 768w, http:\/\/samariter-schwarzenburg.ch\/word\/wp-content\/uploads\/2023\/07\/IRB_ICHSPENDEBLUT_Blutspenderin2-1536x1024.jpg 1536w, http:\/\/samariter-schwarzenburg.ch\/word\/wp-content\/uploads\/2023\/07\/IRB_ICHSPENDEBLUT_Blutspenderin2-360x240.jpg 360w, http:\/\/samariter-schwarzenburg.ch\/word\/wp-content\/uploads\/2023\/07\/IRB_ICHSPENDEBLUT_Blutspenderin2.jpg 2048w\" sizes=\"auto, (max-width: 1024px) 100vw, 1024px\" \/><figcaption class=\"wp-element-caption\">Quelle Foto: Interregionale Blutspende SRK<\/figcaption><\/figure>\n<\/div>\n\n\n\n<div class=\"wp-block-column is-layout-flow wp-block-column-is-layout-flow\">\n<p>Blut ist von grosser Bedeutung und wird t\u00e4glich von erkrankten und verunfallten Menschen ben\u00f6tigt. Da k\u00fcnstliche Blutherstellung bisher nicht m\u00f6glich ist, engagiert sich der Samariter Schwarzenburg drei Mal im Jahr bei der Organisation lokaler Blutspendeaktionen. Dabei unterst\u00fctzen wir das interregionale Blutspendeprogramm des SRK.<\/p>\n<\/div>\n<\/div>\n\n\n\n<p><strong>Blutspendetermine 2025 &#8211; Lokale Termine in Schwarzenburg:<\/strong><\/p>\n\n\n\n<figure class=\"wp-block-table aligncenter is-style-stripes\"><table><tbody><tr><td>Dienstag, 28. Januar 2025<\/td><td>Saal, Mehrzweckanlage P\u00f6schen, Schwarzenburg<\/td><td>17:00 bis 20:00 Uhr<\/td><\/tr><tr><td>Dienstag, 15. Juli 2025<\/td><td>Saal, Mehrzweckanlage P\u00f6schen, Schwarzenburg<\/td><td>17:00 bis 20:00 Uhr<\/td><\/tr><tr><td>Donnerstag, 09. Oktober 2024<\/td><td>Saal, Mehrzweckanlage P\u00f6schen, Schwarzenburg<\/td><td>17:00 bis 20:00 Uhr<\/td><\/tr><\/tbody><\/table><\/figure>\n\n\n\n<p>Um einen Termin f\u00fcr das Blutspenden in Schwarzenburg zu reservieren, k\u00f6nnen Sie den folgenden Link verwenden: <a href=\"http:\/\/blutsp.ch\/102\">blutsp.ch\/102<\/a><\/p>\n\n\n\n<div style=\"height:35px\" aria-hidden=\"true\" class=\"wp-block-spacer\"><\/div>\n\n\n\n<div class=\"wp-block-columns is-layout-flex wp-container-core-columns-is-layout-9d6595d7 wp-block-columns-is-layout-flex\">\n<div class=\"wp-block-column is-layout-flow wp-block-column-is-layout-flow\">\n<p><strong>Wer kann Blut spenden?<\/strong><\/p>\n\n\n\n<p>Grunds\u00e4tzlich k\u00f6nnen alle gesunden Menschen zwischen 18 und 60 Jahren, die ein Mindestgewicht von 50 kg haben, Blut spenden. Es gibt jedoch einige wichtige Punkte, die beachtet werden sollten:<\/p>\n\n\n\n<p><strong>Spendekriterien:<\/strong> <a href=\"https:\/\/www.ichspendeblut.ch\/blutspenden\/darf-ich-blutspenden.html\">https:\/\/www.ichspendeblut.ch\/blutspenden\/darf-ich-blutspenden.html<\/a><\/p>\n<\/div>\n\n\n\n<div class=\"wp-block-column is-layout-flow wp-block-column-is-layout-flow\">\n<figure class=\"wp-block-image size-large\"><img loading=\"lazy\" decoding=\"async\" width=\"1024\" height=\"683\" src=\"http:\/\/samariter-schwarzenburg.ch\/word\/wp-content\/uploads\/2023\/07\/IRB_Blutspende_Gruppe-1024x683.jpg\" alt=\"\" class=\"wp-image-840\" srcset=\"http:\/\/samariter-schwarzenburg.ch\/word\/wp-content\/uploads\/2023\/07\/IRB_Blutspende_Gruppe-1024x683.jpg 1024w, http:\/\/samariter-schwarzenburg.ch\/word\/wp-content\/uploads\/2023\/07\/IRB_Blutspende_Gruppe-300x200.jpg 300w, http:\/\/samariter-schwarzenburg.ch\/word\/wp-content\/uploads\/2023\/07\/IRB_Blutspende_Gruppe-768x512.jpg 768w, http:\/\/samariter-schwarzenburg.ch\/word\/wp-content\/uploads\/2023\/07\/IRB_Blutspende_Gruppe-1536x1025.jpg 1536w, http:\/\/samariter-schwarzenburg.ch\/word\/wp-content\/uploads\/2023\/07\/IRB_Blutspende_Gruppe-360x240.jpg 360w, http:\/\/samariter-schwarzenburg.ch\/word\/wp-content\/uploads\/2023\/07\/IRB_Blutspende_Gruppe.jpg 2048w\" sizes=\"auto, (max-width: 1024px) 100vw, 1024px\" \/><figcaption class=\"wp-element-caption\">Quelle Foto: Interregionale Blutspende SRK<\/figcaption><\/figure>\n<\/div>\n<\/div>\n\n\n\n<div class=\"wp-block-columns is-layout-flex wp-container-core-columns-is-layout-9d6595d7 wp-block-columns-is-layout-flex\">\n<div class=\"wp-block-column is-layout-flow wp-block-column-is-layout-flow\">\n<figure class=\"wp-block-image size-large\"><img loading=\"lazy\" decoding=\"async\" width=\"1024\" height=\"683\" src=\"http:\/\/samariter-schwarzenburg.ch\/word\/wp-content\/uploads\/2023\/07\/IRB_Blutspenderin-1024x683.jpg\" alt=\"\" class=\"wp-image-841\" srcset=\"http:\/\/samariter-schwarzenburg.ch\/word\/wp-content\/uploads\/2023\/07\/IRB_Blutspenderin-1024x683.jpg 1024w, http:\/\/samariter-schwarzenburg.ch\/word\/wp-content\/uploads\/2023\/07\/IRB_Blutspenderin-300x200.jpg 300w, http:\/\/samariter-schwarzenburg.ch\/word\/wp-content\/uploads\/2023\/07\/IRB_Blutspenderin-768x512.jpg 768w, http:\/\/samariter-schwarzenburg.ch\/word\/wp-content\/uploads\/2023\/07\/IRB_Blutspenderin-1536x1024.jpg 1536w, http:\/\/samariter-schwarzenburg.ch\/word\/wp-content\/uploads\/2023\/07\/IRB_Blutspenderin-360x240.jpg 360w, http:\/\/samariter-schwarzenburg.ch\/word\/wp-content\/uploads\/2023\/07\/IRB_Blutspenderin.jpg 2048w\" sizes=\"auto, (max-width: 1024px) 100vw, 1024px\" \/><figcaption class=\"wp-element-caption\">Quelle Foto: Interregionale Blutspende SRK<\/figcaption><\/figure>\n<\/div>\n\n\n\n<div class=\"wp-block-column is-layout-flow wp-block-column-is-layout-flow\">\n<p>Grunds\u00e4tzliche Informationen rund um das Blutspenden finden Sie auf der folgenden Webseite:<\/p>\n\n\n\n<p><a href=\"https:\/\/www.iblutspende.ch\/home.html\">https:\/\/www.iblutspende.ch\/home.html<\/a><\/p>\n<\/div>\n<\/div>\n","protected":false},"excerpt":{"rendered":"<p>Spende Blut rette Leben Blut ist von grosser Bedeutung und wird t\u00e4glich von erkrankten und verunfallten Menschen ben\u00f6tigt. Da k\u00fcnstliche Blutherstellung bisher nicht m\u00f6glich ist, engagiert sich der Samariter Schwarzenburg drei Mal im Jahr bei der Organisation lokaler Blutspendeaktionen. Dabei&hellip;&nbsp;<a href=\"http:\/\/samariter-schwarzenburg.ch\/word\/?page_id=835\" class=\"more-link\">Weiter lesen<\/a><\/p>\n","protected":false},"author":1,"featured_media":0,"parent":0,"menu_order":0,"comment_status":"closed","ping_status":"closed","template":"","meta":{"footnotes":""},"class_list":["post-835","page","type-page","status-publish","hentry"],"_links":{"self":[{"href":"http:\/\/samariter-schwarzenburg.ch\/word\/index.php?rest_route=\/wp\/v2\/pages\/835","targetHints":{"allow":["GET"]}}],"collection":[{"href":"http:\/\/samariter-schwarzenburg.ch\/word\/index.php?rest_route=\/wp\/v2\/pages"}],"about":[{"href":"http:\/\/samariter-schwarzenburg.ch\/word\/index.php?rest_route=\/wp\/v2\/types\/page"}],"author":[{"embeddable":true,"href":"http:\/\/samariter-schwarzenburg.ch\/word\/index.php?rest_route=\/wp\/v2\/users\/1"}],"replies":[{"embeddable":true,"href":"http:\/\/samariter-schwarzenburg.ch\/word\/index.php?rest_route=%2Fwp%2Fv2%2Fcomments&post=835"}],"version-history":[{"count":14,"href":"http:\/\/samariter-schwarzenburg.ch\/word\/index.php?rest_route=\/wp\/v2\/pages\/835\/revisions"}],"predecessor-version":[{"id":969,"href":"http:\/\/samariter-schwarzenburg.ch\/word\/index.php?rest_route=\/wp\/v2\/pages\/835\/revisions\/969"}],"wp:attachment":[{"href":"http:\/\/samariter-schwarzenburg.ch\/word\/index.php?rest_route=%2Fwp%2Fv2%2Fmedia&parent=835"}],"curies":[{"name":"wp","href":"https:\/\/api.w.org\/{rel}","templated":true}]}}