{"id":610,"date":"2023-06-14T12:13:09","date_gmt":"2023-06-14T10:13:09","guid":{"rendered":"http:\/\/samariter-schwarzenburg.ch\/word\/?page_id=610"},"modified":"2023-06-14T14:11:13","modified_gmt":"2023-06-14T12:11:13","slug":"sanitaetsdienst-material","status":"publish","type":"page","link":"http:\/\/samariter-schwarzenburg.ch\/word\/?page_id=610","title":{"rendered":"Sanit\u00e4tsdienst Material"},"content":{"rendered":"\n<p><\/p>\n\n\n\n<div class=\"wp-block-media-text alignwide is-stacked-on-mobile\" style=\"grid-template-columns:40% auto\"><figure class=\"wp-block-media-text__media\"><img loading=\"lazy\" decoding=\"async\" width=\"1024\" height=\"679\" src=\"http:\/\/samariter-schwarzenburg.ch\/word\/wp-content\/uploads\/2023\/05\/20220722_152840-scaled-e1686737442914-1024x679.jpg\" alt=\"\" class=\"wp-image-253 size-full\" srcset=\"http:\/\/samariter-schwarzenburg.ch\/word\/wp-content\/uploads\/2023\/05\/20220722_152840-scaled-e1686737442914-1024x679.jpg 1024w, http:\/\/samariter-schwarzenburg.ch\/word\/wp-content\/uploads\/2023\/05\/20220722_152840-scaled-e1686737442914-300x199.jpg 300w, http:\/\/samariter-schwarzenburg.ch\/word\/wp-content\/uploads\/2023\/05\/20220722_152840-scaled-e1686737442914-768x509.jpg 768w, http:\/\/samariter-schwarzenburg.ch\/word\/wp-content\/uploads\/2023\/05\/20220722_152840-scaled-e1686737442914-1536x1018.jpg 1536w, http:\/\/samariter-schwarzenburg.ch\/word\/wp-content\/uploads\/2023\/05\/20220722_152840-scaled-e1686737442914-360x239.jpg 360w, http:\/\/samariter-schwarzenburg.ch\/word\/wp-content\/uploads\/2023\/05\/20220722_152840-scaled-e1686737442914.jpg 1920w\" sizes=\"auto, (max-width: 1024px) 100vw, 1024px\" \/><\/figure><div class=\"wp-block-media-text__content\">\n<p>Unser Sanit\u00e4tsdienst ist mit einer Vielzahl von aktuellen Erste-Hilfe-Materialien ausgestattet, um eine effektive Unterst\u00fctzung zu gew\u00e4hrleisten. Hier sind einige Beispiele f\u00fcr das verf\u00fcgbare Sanit\u00e4tsmaterial:<\/p>\n<\/div><\/div>\n\n\n\n<div style=\"height:35px\" aria-hidden=\"true\" class=\"wp-block-spacer\"><\/div>\n\n\n\n<div class=\"wp-block-media-text alignwide has-media-on-the-right is-stacked-on-mobile\" style=\"grid-template-columns:auto 40%\"><div class=\"wp-block-media-text__content\">\n<p><strong>Rettungsmaterial:<\/strong><\/p>\n\n\n\n<ul class=\"wp-block-list\">\n<li>&nbsp;&nbsp;&nbsp; Schaufelbahre<\/li>\n\n\n\n<li>&nbsp;&nbsp;&nbsp; Spineboard<\/li>\n\n\n\n<li>\u00a0\u00a0\u00a0 Sam Splint<\/li>\n\n\n\n<li>&nbsp;&nbsp;&nbsp; AED-Ger\u00e4t (Automatischer Externer Defibrillator)<\/li>\n\n\n\n<li>&nbsp;&nbsp;&nbsp; Sauerstoffflaschen<\/li>\n\n\n\n<li>&nbsp;&nbsp;&nbsp; und vieles mehr.<\/li>\n<\/ul>\n<\/div><figure class=\"wp-block-media-text__media\"><img loading=\"lazy\" decoding=\"async\" width=\"1024\" height=\"576\" src=\"http:\/\/samariter-schwarzenburg.ch\/word\/wp-content\/uploads\/2023\/04\/20150603_212949-1024x576.jpg\" alt=\"\" class=\"wp-image-72 size-full\" srcset=\"http:\/\/samariter-schwarzenburg.ch\/word\/wp-content\/uploads\/2023\/04\/20150603_212949-1024x576.jpg 1024w, http:\/\/samariter-schwarzenburg.ch\/word\/wp-content\/uploads\/2023\/04\/20150603_212949-300x169.jpg 300w, http:\/\/samariter-schwarzenburg.ch\/word\/wp-content\/uploads\/2023\/04\/20150603_212949-768x432.jpg 768w, http:\/\/samariter-schwarzenburg.ch\/word\/wp-content\/uploads\/2023\/04\/20150603_212949-1536x864.jpg 1536w, http:\/\/samariter-schwarzenburg.ch\/word\/wp-content\/uploads\/2023\/04\/20150603_212949-2048x1152.jpg 2048w, http:\/\/samariter-schwarzenburg.ch\/word\/wp-content\/uploads\/2023\/04\/20150603_212949-360x203.jpg 360w\" sizes=\"auto, (max-width: 1024px) 100vw, 1024px\" \/><\/figure><\/div>\n\n\n\n<div style=\"height:35px\" aria-hidden=\"true\" class=\"wp-block-spacer\"><\/div>\n\n\n\n<div class=\"wp-block-media-text alignwide is-stacked-on-mobile\" style=\"grid-template-columns:40% auto\"><figure class=\"wp-block-media-text__media\"><img loading=\"lazy\" decoding=\"async\" width=\"1024\" height=\"576\" src=\"http:\/\/samariter-schwarzenburg.ch\/word\/wp-content\/uploads\/2023\/06\/20170607_211341-1024x576.jpg\" alt=\"\" class=\"wp-image-478 size-full\" srcset=\"http:\/\/samariter-schwarzenburg.ch\/word\/wp-content\/uploads\/2023\/06\/20170607_211341-1024x576.jpg 1024w, http:\/\/samariter-schwarzenburg.ch\/word\/wp-content\/uploads\/2023\/06\/20170607_211341-300x169.jpg 300w, http:\/\/samariter-schwarzenburg.ch\/word\/wp-content\/uploads\/2023\/06\/20170607_211341-768x432.jpg 768w, http:\/\/samariter-schwarzenburg.ch\/word\/wp-content\/uploads\/2023\/06\/20170607_211341-1536x864.jpg 1536w, http:\/\/samariter-schwarzenburg.ch\/word\/wp-content\/uploads\/2023\/06\/20170607_211341-2048x1152.jpg 2048w, http:\/\/samariter-schwarzenburg.ch\/word\/wp-content\/uploads\/2023\/06\/20170607_211341-360x203.jpg 360w\" sizes=\"auto, (max-width: 1024px) 100vw, 1024px\" \/><\/figure><div class=\"wp-block-media-text__content\">\n<p><strong>Diagnostik \/ Monitoring:<\/strong><\/p>\n\n\n\n<ul class=\"wp-block-list\">\n<li>&nbsp;&nbsp;&nbsp; Blutdruckmessger\u00e4te<\/li>\n\n\n\n<li>&nbsp;&nbsp;&nbsp; Thermometer<\/li>\n\n\n\n<li>&nbsp;&nbsp;&nbsp; Blutzuckermessger\u00e4te<\/li>\n\n\n\n<li>&nbsp;&nbsp;&nbsp; Pulsoxymeter<\/li>\n\n\n\n<li>&nbsp;&nbsp;&nbsp; und weitere Instrumente.<\/li>\n<\/ul>\n<\/div><\/div>\n\n\n\n<div style=\"height:35px\" aria-hidden=\"true\" class=\"wp-block-spacer\"><\/div>\n\n\n\n<div class=\"wp-block-media-text alignwide has-media-on-the-right is-stacked-on-mobile\" style=\"grid-template-columns:auto 40%\"><div class=\"wp-block-media-text__content\">\n<p><strong>Verbands- &amp; Wunmaterial:<\/strong><\/p>\n\n\n\n<ul class=\"wp-block-list\">\n<li>\u00a0\u00a0\u00a0 Verb\u00e4nde f\u00fcr kleine- und grossfl\u00e4chige Verletzungen<\/li>\n\n\n\n<li>&nbsp;&nbsp;&nbsp; Verschiedenes Verbandsmaterial<\/li>\n\n\n\n<li>&nbsp;&nbsp;&nbsp; Handschuhe f\u00fcr hygienische Ma\u00dfnahmen.<\/li>\n<\/ul>\n<\/div><figure class=\"wp-block-media-text__media\"><img loading=\"lazy\" decoding=\"async\" width=\"1024\" height=\"768\" src=\"http:\/\/samariter-schwarzenburg.ch\/word\/wp-content\/uploads\/2023\/06\/20230607_202008-1024x768.jpg\" alt=\"\" class=\"wp-image-553 size-full\" srcset=\"http:\/\/samariter-schwarzenburg.ch\/word\/wp-content\/uploads\/2023\/06\/20230607_202008-1024x768.jpg 1024w, http:\/\/samariter-schwarzenburg.ch\/word\/wp-content\/uploads\/2023\/06\/20230607_202008-300x225.jpg 300w, http:\/\/samariter-schwarzenburg.ch\/word\/wp-content\/uploads\/2023\/06\/20230607_202008-768x576.jpg 768w, http:\/\/samariter-schwarzenburg.ch\/word\/wp-content\/uploads\/2023\/06\/20230607_202008-1536x1152.jpg 1536w, http:\/\/samariter-schwarzenburg.ch\/word\/wp-content\/uploads\/2023\/06\/20230607_202008-2048x1536.jpg 2048w, http:\/\/samariter-schwarzenburg.ch\/word\/wp-content\/uploads\/2023\/06\/20230607_202008-360x270.jpg 360w\" sizes=\"auto, (max-width: 1024px) 100vw, 1024px\" \/><\/figure><\/div>\n\n\n\n<div style=\"height:35px\" aria-hidden=\"true\" class=\"wp-block-spacer\"><\/div>\n\n\n\n<p>Mit dieser umfangreichen Auswahl an Sanit\u00e4tsmaterial sind wir bestens ger\u00fcstet, um eine professionelle und effektive Versorgung bei medizinischen Notf\u00e4llen und Veranstaltungen zu gew\u00e4hrleisten.<\/p>\n","protected":false},"excerpt":{"rendered":"<p>Unser Sanit\u00e4tsdienst ist mit einer Vielzahl von aktuellen Erste-Hilfe-Materialien ausgestattet, um eine effektive Unterst\u00fctzung zu gew\u00e4hrleisten. Hier sind einige Beispiele f\u00fcr das verf\u00fcgbare Sanit\u00e4tsmaterial: Mit dieser umfangreichen Auswahl an Sanit\u00e4tsmaterial sind wir bestens ger\u00fcstet, um eine professionelle und effektive Versorgung&hellip;&nbsp;<a href=\"http:\/\/samariter-schwarzenburg.ch\/word\/?page_id=610\" class=\"more-link\">Weiter lesen<\/a><\/p>\n","protected":false},"author":1,"featured_media":0,"parent":0,"menu_order":0,"comment_status":"closed","ping_status":"closed","template":"","meta":{"footnotes":""},"class_list":["post-610","page","type-page","status-publish","hentry"],"_links":{"self":[{"href":"http:\/\/samariter-schwarzenburg.ch\/word\/index.php?rest_route=\/wp\/v2\/pages\/610","targetHints":{"allow":["GET"]}}],"collection":[{"href":"http:\/\/samariter-schwarzenburg.ch\/word\/index.php?rest_route=\/wp\/v2\/pages"}],"about":[{"href":"http:\/\/samariter-schwarzenburg.ch\/word\/index.php?rest_route=\/wp\/v2\/types\/page"}],"author":[{"embeddable":true,"href":"http:\/\/samariter-schwarzenburg.ch\/word\/index.php?rest_route=\/wp\/v2\/users\/1"}],"replies":[{"embeddable":true,"href":"http:\/\/samariter-schwarzenburg.ch\/word\/index.php?rest_route=%2Fwp%2Fv2%2Fcomments&post=610"}],"version-history":[{"count":3,"href":"http:\/\/samariter-schwarzenburg.ch\/word\/index.php?rest_route=\/wp\/v2\/pages\/610\/revisions"}],"predecessor-version":[{"id":756,"href":"http:\/\/samariter-schwarzenburg.ch\/word\/index.php?rest_route=\/wp\/v2\/pages\/610\/revisions\/756"}],"wp:attachment":[{"href":"http:\/\/samariter-schwarzenburg.ch\/word\/index.php?rest_route=%2Fwp%2Fv2%2Fmedia&parent=610"}],"curies":[{"name":"wp","href":"https:\/\/api.w.org\/{rel}","templated":true}]}}