{"id":29,"date":"2023-04-12T21:05:04","date_gmt":"2023-04-12T19:05:04","guid":{"rendered":"http:\/\/samariter-schwarzenburg.ch\/word\/?page_id=29"},"modified":"2023-06-15T01:51:20","modified_gmt":"2023-06-14T23:51:20","slug":"first-aid-stufe-2-ivr-und-refresher","status":"publish","type":"page","link":"http:\/\/samariter-schwarzenburg.ch\/word\/?page_id=29","title":{"rendered":"First Aid Stufe 2 IVR und Refresher"},"content":{"rendered":"\n<div class=\"wp-block-media-text alignwide is-stacked-on-mobile\" style=\"grid-template-columns:35% auto\"><figure class=\"wp-block-media-text__media\"><img loading=\"lazy\" decoding=\"async\" width=\"1024\" height=\"768\" src=\"http:\/\/samariter-schwarzenburg.ch\/word\/wp-content\/uploads\/2023\/05\/20190109_211822-1024x768.jpg\" alt=\"\" class=\"wp-image-236 size-full\" srcset=\"http:\/\/samariter-schwarzenburg.ch\/word\/wp-content\/uploads\/2023\/05\/20190109_211822-1024x768.jpg 1024w, http:\/\/samariter-schwarzenburg.ch\/word\/wp-content\/uploads\/2023\/05\/20190109_211822-300x225.jpg 300w, http:\/\/samariter-schwarzenburg.ch\/word\/wp-content\/uploads\/2023\/05\/20190109_211822-768x576.jpg 768w, http:\/\/samariter-schwarzenburg.ch\/word\/wp-content\/uploads\/2023\/05\/20190109_211822-1536x1152.jpg 1536w, http:\/\/samariter-schwarzenburg.ch\/word\/wp-content\/uploads\/2023\/05\/20190109_211822-2048x1536.jpg 2048w, http:\/\/samariter-schwarzenburg.ch\/word\/wp-content\/uploads\/2023\/05\/20190109_211822-360x270.jpg 360w\" sizes=\"auto, (max-width: 1024px) 100vw, 1024px\" \/><\/figure><div class=\"wp-block-media-text__content\">\n<p><strong>Im Kurs First Aid Stufe 2 IVR festigen und erweitern Sie Ihr Wissen in Bezug auf Erste-Hilfe Massnahmen bei akuten Erkrankungen oder K\u00f6rpersch\u00e4digung nach einem Unfall. Sie wiederholen Ihre Grundkenntnisse in Sicherheits- und Hygienemassnahmen.<\/strong><\/p>\n<\/div><\/div>\n\n\n\n<div style=\"height:35px\" aria-hidden=\"true\" class=\"wp-block-spacer\"><\/div>\n\n\n\n<p>Der Kurs erm\u00f6glicht es Ihnen, im Alltag, bei der Arbeit, in der Familie oder in der Freizeit, sicher Erste Hilfe zu leisten. W\u00e4hrend des Kurses werden die Wiederbelebungsmassnahmen repetiert.<\/p>\n\n\n\n<div style=\"height:20px\" aria-hidden=\"true\" class=\"wp-block-spacer\"><\/div>\n\n\n\n<p><strong>Inhalt<\/strong><\/p>\n\n\n\n<p>Sie lernen und trainieren in einem abwechslungsreichen Kurs in verschiedenen Fallszenarien einfach und verst\u00e4ndlich die Erste Hilfe-Massnahmen. Der Kurs beinhaltet folgende Themen:<\/p>\n\n\n\n<ul class=\"wp-block-list\">\n<li>Repetition der Grundkenntnisse First Aid Stufe 1 IVR<\/li>\n\n\n\n<li>Patientenbeurteilung nach xABCDE und AVPU-Schema<\/li>\n\n\n\n<li>Erste-Hilfe-Massnahmen beim ansprechbaren, bewusstlosen oder leblosen Patienten<\/li>\n\n\n\n<li>Neue Materialen im praktischen Training anwenden (Tourniquet, Augendusche usw.)<\/li>\n\n\n\n<li>Unterst\u00fctzung der verschieden Rettungsorganisationen<\/li>\n<\/ul>\n\n\n\n<div style=\"height:20px\" aria-hidden=\"true\" class=\"wp-block-spacer\"><\/div>\n\n\n\n<p><strong>Zielgruppe<\/strong><br>Alle Personen, die interessiert sind, ihre Fertigkeiten in Erster Hilfe im Alltag sowie f\u00fcr pr\u00e4ventive Massnahmen zu vertiefen und die bereits den Kurs \u00abFirst Aid Stufe 1 IVR\u00bb oder den Kurs&nbsp;\u00abBLS-AED-SRC komplett\u00bb und den \u00abNothilfekurs\u00bb absolviert haben.<\/p>\n\n\n\n<div style=\"height:20px\" aria-hidden=\"true\" class=\"wp-block-spacer\"><\/div>\n\n\n\n<p><strong>Voraussetzungen<\/strong><br>G\u00fcltiges Zertifikat First Aid Stufe 1 IVR (inkl. BLS-AED-SRC komplett) bzw. Refresher Stufe 1 nicht \u00e4lter als 2 Jahre oder g\u00fcltiges Zertifikat BLS-AED-SRC komplett sowie g\u00fcltiger Nothilfekursausweis, nicht \u00e4lter als 2 Jahre.<\/p>\n\n\n\n<div style=\"height:20px\" aria-hidden=\"true\" class=\"wp-block-spacer\"><\/div>\n\n\n\n<p><strong>Dauer<\/strong><br>21 Stunden<\/p>\n\n\n\n<div style=\"height:20px\" aria-hidden=\"true\" class=\"wp-block-spacer\"><\/div>\n\n\n\n<p><strong>Zertifikat<\/strong><br>Nach Abschluss des Kurses erhalten Sie das Zertifikat First Aid Stufe 2 IVR (G\u00fcltigkeit 2 Jahre) sowie das Zertifikat BLS-AED-SRC komplett (G\u00fcltigkeit 2 Jahre).<\/p>\n\n\n\n<div style=\"height:35px\" aria-hidden=\"true\" class=\"wp-block-spacer\"><\/div>\n\n\n\n<h2 class=\"wp-block-heading\">First Aid Stufe 2 IVR Refresher (inkl. BLS-AED-SRC komplett)<\/h2>\n\n\n\n<p>Dauer 7 Stunden<\/p>\n\n\n\n<p>Im Refresher werden s\u00e4mtliche Themen aus der Grundausbildung kompakt repetiert und somit die Teilnehmer auf den neusten Wissensstand gebracht.<\/p>\n\n\n\n<div style=\"height:20px\" aria-hidden=\"true\" class=\"wp-block-spacer\"><\/div>\n\n\n\n<p><strong>Voraussetzungen<\/strong><br>G\u00fcltiges Zertifikat First Aid Stufe 2 IVR nicht \u00e4lter als 2 Jahre sowie g\u00fcltiges Zertifikat BLS-AED-SRC komplett nicht \u00e4lter als 2 Jahre.<\/p>\n\n\n\n<div style=\"height:35px\" aria-hidden=\"true\" class=\"wp-block-spacer\"><\/div>\n\n\n\n<div style=\"height:36px\" aria-hidden=\"true\" class=\"wp-block-spacer\"><\/div>\n\n\n\n<div class=\"wp-block-columns has-white-color has-vivid-cyan-blue-background-color has-text-color has-background is-layout-flex wp-container-core-columns-is-layout-9d6595d7 wp-block-columns-is-layout-flex\">\n<div class=\"wp-block-column is-layout-flow wp-block-column-is-layout-flow\" style=\"flex-basis:66.66%\">\n<p class=\"has-text-align-left\">Eine \u00dcbersicht \u00fcber alle verf\u00fcgbaren Bev\u00f6lkerungskurse des Samariter Schwarzenburg sowie die M\u00f6glichkeit zur Anmeldung finden Sie auf folgender Seite:<\/p>\n<\/div>\n\n\n\n<div class=\"wp-block-column is-vertically-aligned-center is-layout-flow wp-block-column-is-layout-flow\" style=\"flex-basis:33.33%\">\n<div class=\"wp-block-buttons is-content-justification-center is-layout-flex wp-container-core-buttons-is-layout-16018d1d wp-block-buttons-is-layout-flex\">\n<div class=\"wp-block-button has-custom-width wp-block-button__width-75 has-custom-font-size has-small-font-size\"><a class=\"wp-block-button__link has-text-align-center wp-element-button\" href=\"http:\/\/samariter-schwarzenburg.ch\/word\/?page_id=60\" style=\"border-radius:0px\">Kursanmeldung<\/a><\/div>\n<\/div>\n<\/div>\n<\/div>\n","protected":false},"excerpt":{"rendered":"<p>Im Kurs First Aid Stufe 2 IVR festigen und erweitern Sie Ihr Wissen in Bezug auf Erste-Hilfe Massnahmen bei akuten Erkrankungen oder K\u00f6rpersch\u00e4digung nach einem Unfall. Sie wiederholen Ihre Grundkenntnisse in Sicherheits- und Hygienemassnahmen. Der Kurs erm\u00f6glicht es Ihnen, im&hellip;&nbsp;<a href=\"http:\/\/samariter-schwarzenburg.ch\/word\/?page_id=29\" class=\"more-link\">Weiter lesen<\/a><\/p>\n","protected":false},"author":1,"featured_media":0,"parent":0,"menu_order":0,"comment_status":"closed","ping_status":"closed","template":"","meta":{"footnotes":""},"class_list":["post-29","page","type-page","status-publish","hentry"],"_links":{"self":[{"href":"http:\/\/samariter-schwarzenburg.ch\/word\/index.php?rest_route=\/wp\/v2\/pages\/29","targetHints":{"allow":["GET"]}}],"collection":[{"href":"http:\/\/samariter-schwarzenburg.ch\/word\/index.php?rest_route=\/wp\/v2\/pages"}],"about":[{"href":"http:\/\/samariter-schwarzenburg.ch\/word\/index.php?rest_route=\/wp\/v2\/types\/page"}],"author":[{"embeddable":true,"href":"http:\/\/samariter-schwarzenburg.ch\/word\/index.php?rest_route=\/wp\/v2\/users\/1"}],"replies":[{"embeddable":true,"href":"http:\/\/samariter-schwarzenburg.ch\/word\/index.php?rest_route=%2Fwp%2Fv2%2Fcomments&post=29"}],"version-history":[{"count":12,"href":"http:\/\/samariter-schwarzenburg.ch\/word\/index.php?rest_route=\/wp\/v2\/pages\/29\/revisions"}],"predecessor-version":[{"id":810,"href":"http:\/\/samariter-schwarzenburg.ch\/word\/index.php?rest_route=\/wp\/v2\/pages\/29\/revisions\/810"}],"wp:attachment":[{"href":"http:\/\/samariter-schwarzenburg.ch\/word\/index.php?rest_route=%2Fwp%2Fv2%2Fmedia&parent=29"}],"curies":[{"name":"wp","href":"https:\/\/api.w.org\/{rel}","templated":true}]}}